{"id":288,"date":"2021-02-13T10:05:11","date_gmt":"2021-02-13T09:05:11","guid":{"rendered":"https:\/\/www.benscoat.eu\/?page_id=288"},"modified":"2021-02-13T10:11:23","modified_gmt":"2021-02-13T09:11:23","slug":"publications","status":"publish","type":"page","link":"https:\/\/www.benscoat.eu\/index.php\/publications\/","title":{"rendered":"Publications"},"content":{"rendered":"\n<h2>Publications in peer-reviewed journals<\/h2>\n\n\n\n<ul><li>Dendievel A-M, Argant J, <strong>Dietre B<\/strong>, Delrieu F, Jouannic G, Lemdahl G, Mennessier-Jouannet C, Mille P, Haas J N and Cubizolle H (in press). Multi- proxy study of the Pialeloup Bog (SE Massif Central, France) reveals long-term human environmental changes affecting peat ecosystems during the Holocene.\u00a0<em>Quaternary International<\/em>. <a href=\"https:\/\/doi.org\/10.1016\/j.quaint.2020.11.027\">10.1016\/j.quaint.2020.11.027<\/a><\/li><li>Sorrel P, Jacq K, Van Exem A, Escarguel G, <strong>Dietre B<\/strong>, Debret M, McGowan S, Ducept J, Gauthier E, Oberh\u00e4nsli H (2021).\u00a0Evidence for centennial-scale Mid-Holocene episodes of hypolimnetic anoxia in a high-altitude lake system from central Tian Shan (Kyrgyzstan).\u00a0<em>Quaternary Science Reviews<\/em> 252.\u00a0<a href=\"https:\/\/doi.org\/10.1016\/j.quascirev.2020.106748\">10.1016\/j.quascirev.2020.106748<\/a><\/li><li>Dendievel A-M, Serieyssol K, <strong>Dietre B<\/strong>, Cubizolle H, Quiquerez A and Haas J N (in press). Late-Glacial and Early Holocene environmental changes affecting the shallow lake basin of La Narce du B\u00e9age (Ard\u00e8che, Massif Central, France).\u00a0<em>Quaternary International<\/em>.\u00a0<a href=\"https:\/\/doi.org\/10.1016\/j.quaint.2019.09.014\">10.1016\/j.quaint.2019.09.014<\/a><\/li><li><strong>Dietre B<\/strong>, Reitmaier T, Walser C, Warnk T, Unkel I, Hajdas I, Lambers K, Reidl D and Haas J N (2020). Steady transformation of primeval forest into subalpine pasture during the Late Neolithic to Early Bronze Age (2300\u20131700 BC) in the Silvretta Alps, Switzerland.\u00a0<em>The Holocene\u00a0<\/em>30(3), 355\u2013368.\u00a0<a href=\"https:\/\/doi.org\/10.1177\/0959683619887419\">10.1177\/0959683619887419<\/a><\/li><li>Dendievel A-M, <strong>Dietre B<\/strong>, Cubizolle H, Hajdas I, Kofler W, Oberlin C and Haas, J N (2019). Holocene paleoecological changes and agro-pastoral impact on the La Narce du B\u00e9age mire (Massif Central, France).\u00a0<em>The Holocene\u00a0<\/em>29(6), 992\u20131010.\u00a0<a href=\"https:\/\/doi.org\/10.1177\/0959683619831416\">10.1177\/0959683619831416<\/a><\/li><li><strong>Dietre B<\/strong>, Walser C, Kofler W, Kothieringer K, Hajdas I, Lambers K, Reitmaier T and Haas, J N (2017). Neolithic to Bronze Age (4850-3450 cal. BP) fire management of the Alpine Lower Engadine landscape (Switzerland) to establish pastures and cereal fields.\u00a0<em>The Holocene\u00a0<\/em>27(2), 181\u2013196. <a href=\"https:\/\/doi.org\/10.1177%2F0959683616658523\">10.1177\/0959683616658523<\/a><\/li><li>Gu\u00e9lat M, Richard H, Bichet V, <strong>Dietre B<\/strong>, Chiquet P and Falquet C (2016). La s\u00e9quence tardiglaciaire et holoc\u00e8ne de Dizy-En Del\u00e8ze (Vaud). Nouvelles donn\u00e9es sur l\u2019histoire environnementale du Plateau suisse.\u00a0<em>Bulletin de la Soci\u00e9t\u00e9 Vaudoise des Sciences Naturelles\u00a0<\/em>95, 63\u201398.<\/li><li>Cubizolle H, Latour-Argant C, Delachanal S, Argant J, Dendievel A-M, <strong>Dietre B<\/strong>, Thebaud G and Galet P (2016). D\u00e9veloppement de l\u2019emprise agro-pastorale et changements hydro-p\u00e9dologiques \u00e0 l\u2019Holoc\u00e8ne r\u00e9cent : l\u2019exemple de la vall\u00e9e du ruisseau des barges dans le Massif Central oriental (France).\u00a0<em>Quaternaire\u00a0<\/em>27(2), 91\u2013109. <a href=\"https:\/\/doi.org\/10.4000\/quaternaire.7555\">10.4000\/quaternaire.7555<\/a><\/li><li>Dendievel A-M, Cubizolle H, <strong>Dietre B<\/strong>, Gaertner V, Gallice F, Jouannic G and Haas J N (2015). Changements environnementaux du Tardiglaciaire \u00e0 l\u2019Holoc\u00e8ne Moyen dans le Velay Oriental : la s\u00e9quence s\u00e9dimentaire de la Narce du B\u00e9age en Ard\u00e8che (Massif Central, France).\u00a0<em>Quaternaire\u00a0<\/em>26(4), 263\u2013275. <a href=\"https:\/\/doi.org\/10.4000\/quaternaire.7430\">10.4000\/quaternaire.7430<\/a><\/li><li>Kothieringer K, Walser C, <strong>Dietre B<\/strong>, Reitmaier T, Haas J N and Lambers K (2015). High impact: early pastoralism and environment change during the Neolithic and Bronze Age in the Silvretta Alps (Switzerland\/Austria) as evidenced by archaeological, palaeoecological and pedological proxies.\u00a0<em>Zeitschrift f\u00fcr Geomorphologie\u00a0<\/em>59(Suppl. 2), 177\u2013198.\u00a0<a href=\"https:\/\/doi.org\/10.1127\/zfg_suppl\/2015\/S-59210\">10.1127\/zfg_suppl\/2015\/S-59210<\/a><\/li><li>Krainer K, Bressan D, <strong>Dietre B<\/strong>, Haas J N, Hajdas I, Lang K, Mair V, Nickus U, Reidl D, Thies H and Tonidandel D (2015). A 10,300-year-old permafrost core from the active rock glacier Lazaun, southern \u00d6tztal Alps (South Tyrol, northern Italy).\u00a0<em>Quaternary Research\u00a0<\/em>83(2), 324\u2013335.\u00a0<a href=\"https:\/\/doi.org\/10.1016\/j.yqres.2014.12.005\">10.1016\/j.yqres.2014.12.005<\/a><\/li><li><strong>Dietre B<\/strong>, Walser C, Lambers K, Reitmaier T, Hajdas I and Haas J N (2014). Palaeoecological evidence for Mesolithic to Medieval climatic change and anthro- pogenic impact on the Alpine flora and vegetation of the Silvretta Massif (Switzer- land\/Austria).\u00a0<em>Quaternary International\u00a0<\/em>353(C), 3\u201316.\u00a0<a href=\"https:\/\/doi.org\/10.1016\/j.quaint.2014.05.001\">10.1016\/j.quaint. 2014.05.001<\/a><\/li><li>Cubizolle H, Argant J, Fassion F, Latour-Argant C, Deng-Amiot Y and <strong>Dietre B<\/strong> (2014). L\u2019histoire de la v\u00e9g\u00e9tation depuis la fin du Tardiglaciaire et l\u2019\u00e9volution de l\u2019emprise humaine \u00e0 partir du milieu de l\u2019Holoc\u00e8ne dans le massif central oriental (France). French.\u00a0<em>Quaternaire\u00a0<\/em>25(3), 209\u2013235.\u00a0<a href=\"https:\/\/doi.org\/10.4000\/quaternaire.7060\">10.4000\/quaternaire.7060<\/a><\/li><li>Cubizolle H, Haas J N, Bielowski W, <strong>Dietre B<\/strong>, Argant J, Latour-Argant C, Chatelard S, Porteret J and Lefevre J-P (2013). Palaeo-paludification, environmen- tal change and human impact during the Mid- and Late Holocene in Western Europe: the example of the La Prenarde-Pifoy mire in the French Massif Central.\u00a0<em>Quaternaire\u00a0<\/em>24(4), 419\u2013442.\u00a0<a href=\"https:\/\/doi.org\/10.4000\/quaternaire.6797\">10.4000\/quaternaire.6797<\/a><\/li><li><strong>Dietre B<\/strong>, Gauthier \u00c9 and Gillet F (2012). Modern pollen rain and fungal spore assemblages from pasture woodlands around Lake Saint-Point (France).\u00a0<em>Review of Palaeobotany and Palynology\u00a0<\/em>186, 69\u201389.\u00a0<a href=\"https:\/\/doi.org\/10.1016\/j.revpalbo.2012.07.002\">10.1016\/j.revpalbo.2012.07. 002<\/a><\/li><\/ul>\n\n\n\n<h2>Publications in other journals<\/h2>\n\n\n\n<ul><li>Haas, J N, Wahlm\u00fcller N, Vaccaro C, <strong>Dietre B<\/strong> and Hajdas I (2013). 7000 Jahre Vegetationsgeschichte des Urserentals anhand palynologischer und grossrest-analytischer Untersuchungen an den Torfsedimenten aus der Flur \u201eMoos\u201c zwischen Andermatt und Hospental (Kanton Uri, Schweiz). <em>Historisches Neujahrsblatt&nbsp;<\/em>68, 85\u2013103.<\/li><li>Haas J N, Wahlm\u00fcller N, Kappelmeyer T, <strong>Dietre B<\/strong>, Hajdas I and Imhof W (2013). Zur Vegetationsgeschichte der Silberenalp im Muotatal SZ an Hand der pal\u00e4o-\u00f6kologischen Untersuchung der Schattgaden-Moorsedimente.&nbsp;<em>Mitteilungen des Historischen Vereins des Kantons Schwyz&nbsp;<\/em>105, 11\u201332.<\/li><li>Reitmaier T, Lambers K, Walser C, Zingman I, Haas J N, <strong>Dietre B<\/strong>, Reidl D, Hajdas I, Nicolussi K, Kathrein Y, Naef L and Kaiser T (2013). Alpine Arch\u00e4ologie in der Silvretta.&nbsp;<em>Arch\u00e4ologie Schweiz&nbsp;<\/em>36(1), 4\u201315.<\/li><\/ul>\n\n\n\n<h2>Other publications<\/h2>\n\n\n\n<ul><li>Chevassu V, Bichet V, <strong>Dietre B<\/strong>, Gauthier \u00c9, Girardclos O and Richard H (2019). La for\u00eat de la montagne jurassienne : usages et nature. In B\u00e9poix S and Richard H (eds)&nbsp;<em>La for\u00eat au Moyen \u00c2ge.&nbsp;<\/em>Les Belles Lettres, Paris. 420 pp.<\/li><li>Haas J N, Alst\u00e4tter S, <strong>Dietre B<\/strong>, Hajdas I, Kappelmeyer T, Renner-Aschwanden F,&nbsp;Vaccaro C and Wahlm\u00fcller N (2015). Waldgeschichte der Waldst\u00e4tten. In&nbsp;<em>Ausflug in die Vergangenheit \u2013 Archaologische Streifzuge durch die Urschweiz<\/em>. Ed. by Sauter M. Hochwald: Librum Publishers &amp; Editors.<\/li><li><strong>Dietre B<\/strong>, Anich I, Reidl D, Kappelmeyer T and Haas J N (2012). Erste Hirten&nbsp;und Bauern der Silvretta \u2013 Palynologie und Ethnobotanik im Fimbertal und Paznaun. In&nbsp;<em>Letzte J\u00e4ger, erste Hirten. Hochalpine Arch\u00e4ologie in der Silvretta<\/em>. Ed. by Reitmaier T. Arch\u00e4ologie in Graub\u00fcnden \u2013 Sonderheft 1, 237\u2013256.<\/li><\/ul>\n","protected":false},"excerpt":{"rendered":"<p>Publications in peer-reviewed journals Dendievel A-M, Argant J, Dietre B, Delrieu F, Jouannic G, Lemdahl G, Mennessier-Jouannet C, Mille P, Haas J N and Cubizolle H (in press). Multi- proxy study of the Pialeloup Bog (SE Massif Central, France) reveals long-term human environmental changes affecting peat ecosystems during the Holocene.\u00a0Quaternary International. 10.1016\/j.quaint.2020.11.027 Sorrel P, JacqContinue reading &rarr;<\/p>\n","protected":false},"author":1,"featured_media":0,"parent":0,"menu_order":0,"comment_status":"closed","ping_status":"closed","template":"","meta":[],"_links":{"self":[{"href":"https:\/\/www.benscoat.eu\/index.php\/wp-json\/wp\/v2\/pages\/288"}],"collection":[{"href":"https:\/\/www.benscoat.eu\/index.php\/wp-json\/wp\/v2\/pages"}],"about":[{"href":"https:\/\/www.benscoat.eu\/index.php\/wp-json\/wp\/v2\/types\/page"}],"author":[{"embeddable":true,"href":"https:\/\/www.benscoat.eu\/index.php\/wp-json\/wp\/v2\/users\/1"}],"replies":[{"embeddable":true,"href":"https:\/\/www.benscoat.eu\/index.php\/wp-json\/wp\/v2\/comments?post=288"}],"version-history":[{"count":7,"href":"https:\/\/www.benscoat.eu\/index.php\/wp-json\/wp\/v2\/pages\/288\/revisions"}],"predecessor-version":[{"id":298,"href":"https:\/\/www.benscoat.eu\/index.php\/wp-json\/wp\/v2\/pages\/288\/revisions\/298"}],"wp:attachment":[{"href":"https:\/\/www.benscoat.eu\/index.php\/wp-json\/wp\/v2\/media?parent=288"}],"curies":[{"name":"wp","href":"https:\/\/api.w.org\/{rel}","templated":true}]}}